{"id":39,"date":"2020-10-28T18:08:24","date_gmt":"2020-10-28T17:08:24","guid":{"rendered":"https:\/\/verpress.home.pl\/autoinstalator\/wordpressplugins1\/?page_id=39"},"modified":"2021-01-21T11:12:23","modified_gmt":"2021-01-21T10:12:23","slug":"serwis-i-modernizacje","status":"publish","type":"page","link":"https:\/\/verpress.home.pl\/autoinstalator\/wordpressplugins1\/?page_id=39","title":{"rendered":"Serwis, modernizacje, cz\u0119\u015bci"},"content":{"rendered":"\n<div class=\"wp-block-group\"><div class=\"wp-block-group__inner-container\">\n<div class=\"wp-block-image is-style-rounded\"><figure class=\"aligncenter size-large is-resized\"><img loading=\"lazy\" src=\"https:\/\/verpress.home.pl\/autoinstalator\/wordpressplugins1\/wp-content\/uploads\/2020\/11\/serwis-1024x1024.jpg\" alt=\"\" class=\"wp-image-504\" width=\"203\" height=\"203\" srcset=\"https:\/\/verpress.home.pl\/autoinstalator\/wordpressplugins1\/wp-content\/uploads\/2020\/11\/serwis-1024x1024.jpg 1024w, https:\/\/verpress.home.pl\/autoinstalator\/wordpressplugins1\/wp-content\/uploads\/2020\/11\/serwis-300x300.jpg 300w, https:\/\/verpress.home.pl\/autoinstalator\/wordpressplugins1\/wp-content\/uploads\/2020\/11\/serwis-150x150.jpg 150w, https:\/\/verpress.home.pl\/autoinstalator\/wordpressplugins1\/wp-content\/uploads\/2020\/11\/serwis-768x768.jpg 768w, https:\/\/verpress.home.pl\/autoinstalator\/wordpressplugins1\/wp-content\/uploads\/2020\/11\/serwis-465x465.jpg 465w, https:\/\/verpress.home.pl\/autoinstalator\/wordpressplugins1\/wp-content\/uploads\/2020\/11\/serwis-280x280.jpg 280w, https:\/\/verpress.home.pl\/autoinstalator\/wordpressplugins1\/wp-content\/uploads\/2020\/11\/serwis-182x182.jpg 182w, https:\/\/verpress.home.pl\/autoinstalator\/wordpressplugins1\/wp-content\/uploads\/2020\/11\/serwis-153x153.jpg 153w, https:\/\/verpress.home.pl\/autoinstalator\/wordpressplugins1\/wp-content\/uploads\/2020\/11\/serwis-239x239.jpg 239w, https:\/\/verpress.home.pl\/autoinstalator\/wordpressplugins1\/wp-content\/uploads\/2020\/11\/serwis-75x75.jpg 75w, https:\/\/verpress.home.pl\/autoinstalator\/wordpressplugins1\/wp-content\/uploads\/2020\/11\/serwis-340x340.jpg 340w, https:\/\/verpress.home.pl\/autoinstalator\/wordpressplugins1\/wp-content\/uploads\/2020\/11\/serwis.jpg 1378w\" sizes=\"(max-width: 203px) 100vw, 203px\" \/><\/figure><\/div>\n\n\n\n<blockquote class=\"wp-block-quote has-text-align-left is-style-default\"><p><strong>Opieka serwisowa w BDH KROL S.R.O. stanowi niezwykle istotny element w potransakcyjnej obs\u0142udze naszych Klient\u00f3w. Obejmuje ona przede wszystkim:<\/strong><\/p><p>&#8211; przegl\u0105dy techniczne w ramach gwarancji<br>&#8211; naprawy gwarancyjne<br>&#8211; przegl\u0105dy i naprawy po okresie gwarancji<br>&#8211; modernizacje maszyn, przywracanie ich sprawno\u015bci, instalacje dodatkowego wyposa\u017cenia<br><\/p><\/blockquote>\n\n\n\n<hr class=\"wp-block-separator has-text-color has-background has-cyan-bluish-gray-background-color has-cyan-bluish-gray-color is-style-wide\"\/>\n<\/div><\/div>\n\n\n\n<div class=\"wp-block-columns are-vertically-aligned-top\">\n<div class=\"wp-block-column is-vertically-aligned-top\">\n<div class=\"wp-block-buttons aligncenter\">\n<div class=\"wp-block-button\"><a class=\"wp-block-button__link\" href=\"https:\/\/verpress.home.pl\/autoinstalator\/wordpressplugins1\/?page_id=2308\"><strong>SERWIS<\/strong><\/a><\/div>\n<\/div>\n\n\n\n<div class=\"wp-block-image is-style-default\"><figure class=\"aligncenter size-large is-resized\"><img loading=\"lazy\" src=\"https:\/\/verpress.home.pl\/autoinstalator\/wordpressplugins1\/wp-content\/uploads\/2020\/11\/serwis-1024x1024.jpg\" alt=\"\" class=\"wp-image-504\" width=\"108\" height=\"108\" srcset=\"https:\/\/verpress.home.pl\/autoinstalator\/wordpressplugins1\/wp-content\/uploads\/2020\/11\/serwis-1024x1024.jpg 1024w, https:\/\/verpress.home.pl\/autoinstalator\/wordpressplugins1\/wp-content\/uploads\/2020\/11\/serwis-300x300.jpg 300w, https:\/\/verpress.home.pl\/autoinstalator\/wordpressplugins1\/wp-content\/uploads\/2020\/11\/serwis-150x150.jpg 150w, https:\/\/verpress.home.pl\/autoinstalator\/wordpressplugins1\/wp-content\/uploads\/2020\/11\/serwis-768x768.jpg 768w, https:\/\/verpress.home.pl\/autoinstalator\/wordpressplugins1\/wp-content\/uploads\/2020\/11\/serwis-465x465.jpg 465w, https:\/\/verpress.home.pl\/autoinstalator\/wordpressplugins1\/wp-content\/uploads\/2020\/11\/serwis-280x280.jpg 280w, https:\/\/verpress.home.pl\/autoinstalator\/wordpressplugins1\/wp-content\/uploads\/2020\/11\/serwis-182x182.jpg 182w, https:\/\/verpress.home.pl\/autoinstalator\/wordpressplugins1\/wp-content\/uploads\/2020\/11\/serwis-153x153.jpg 153w, https:\/\/verpress.home.pl\/autoinstalator\/wordpressplugins1\/wp-content\/uploads\/2020\/11\/serwis-239x239.jpg 239w, https:\/\/verpress.home.pl\/autoinstalator\/wordpressplugins1\/wp-content\/uploads\/2020\/11\/serwis-75x75.jpg 75w, https:\/\/verpress.home.pl\/autoinstalator\/wordpressplugins1\/wp-content\/uploads\/2020\/11\/serwis-340x340.jpg 340w, https:\/\/verpress.home.pl\/autoinstalator\/wordpressplugins1\/wp-content\/uploads\/2020\/11\/serwis.jpg 1378w\" sizes=\"(max-width: 108px) 100vw, 108px\" \/><\/figure><\/div>\n\n\n\n<div class=\"wp-block-columns\">\n<div class=\"wp-block-column\">\n<div class=\"wp-block-buttons aligncenter\">\n<div class=\"wp-block-button is-style-outline\"><a class=\"wp-block-button__link\" href=\"https:\/\/verpress.home.pl\/autoinstalator\/wordpressplugins1\/?page_id=2308\"><strong>naprawy w terenie<\/strong><\/a><\/div>\n\n\n\n<div class=\"wp-block-button is-style-outline\"><a class=\"wp-block-button__link\" href=\"https:\/\/verpress.home.pl\/autoinstalator\/wordpressplugins1\/?page_id=2339\"><strong>naprawy gwarancyjne<\/strong><\/a><\/div>\n<\/div>\n<\/div>\n<\/div>\n<\/div>\n\n\n\n<div class=\"wp-block-column is-vertically-aligned-top\">\n<div class=\"wp-block-buttons aligncenter\">\n<div class=\"wp-block-button\"><a class=\"wp-block-button__link\" href=\"https:\/\/verpress.home.pl\/autoinstalator\/wordpressplugins1\/?page_id=2350\"><strong>MODERNIZACJE<\/strong><\/a><\/div>\n<\/div>\n\n\n\n<div class=\"wp-block-image is-style-default\"><figure class=\"aligncenter size-large is-resized\"><a href=\"https:\/\/verpress.home.pl\/autoinstalator\/wordpressplugins1\/?page_id=2350\"><img loading=\"lazy\" src=\"https:\/\/verpress.home.pl\/autoinstalator\/wordpressplugins1\/wp-content\/uploads\/2021\/01\/opryskiwacz-ikonka-1a.jpg\" alt=\"\" class=\"wp-image-2278\" width=\"155\" height=\"68\" srcset=\"https:\/\/verpress.home.pl\/autoinstalator\/wordpressplugins1\/wp-content\/uploads\/2021\/01\/opryskiwacz-ikonka-1a.jpg 114w, https:\/\/verpress.home.pl\/autoinstalator\/wordpressplugins1\/wp-content\/uploads\/2021\/01\/opryskiwacz-ikonka-1a-100x44.jpg 100w\" sizes=\"(max-width: 155px) 100vw, 155px\" \/><\/a><\/figure><\/div>\n<\/div>\n\n\n\n<div class=\"wp-block-column is-vertically-aligned-top\">\n<div class=\"wp-block-buttons aligncenter\">\n<div class=\"wp-block-button\"><a class=\"wp-block-button__link\" href=\"https:\/\/verpress.home.pl\/autoinstalator\/wordpressplugins1\/?page_id=2352\"><strong>CZ\u0118\u015aCI I OSPRZ\u0118T<\/strong><\/a><\/div>\n<\/div>\n\n\n\n<div class=\"wp-block-image is-style-default\"><figure class=\"aligncenter size-large is-resized\"><a href=\"https:\/\/verpress.home.pl\/autoinstalator\/wordpressplugins1\/?page_id=2352\"><img loading=\"lazy\" src=\"https:\/\/verpress.home.pl\/autoinstalator\/wordpressplugins1\/wp-content\/uploads\/2021\/01\/czesci-a.jpg\" alt=\"\" class=\"wp-image-2355\" width=\"144\" height=\"131\" srcset=\"https:\/\/verpress.home.pl\/autoinstalator\/wordpressplugins1\/wp-content\/uploads\/2021\/01\/czesci-a.jpg 153w, https:\/\/verpress.home.pl\/autoinstalator\/wordpressplugins1\/wp-content\/uploads\/2021\/01\/czesci-a-83x75.jpg 83w\" sizes=\"(max-width: 144px) 100vw, 144px\" \/><\/a><\/figure><\/div>\n<\/div>\n<\/div>\n\n\n\n<hr class=\"wp-block-separator is-style-wide\"\/>\n","protected":false},"excerpt":{"rendered":"","protected":false},"author":1,"featured_media":0,"parent":0,"menu_order":0,"comment_status":"closed","ping_status":"closed","template":"","meta":[],"yoast_head":"<!-- This site is optimized with the Yoast SEO plugin v15.2 - https:\/\/yoast.com\/wordpress\/plugins\/seo\/ -->\n<title>Serwis, modernizacje, cz\u0119\u015bci - BDH KROL S.R.O.<\/title>\n<meta name=\"robots\" content=\"index, follow, max-snippet:-1, max-image-preview:large, max-video-preview:-1\" \/>\n<link rel=\"canonical\" href=\"https:\/\/verpress.home.pl\/autoinstalator\/wordpressplugins1\/?page_id=39\" \/>\n<meta property=\"og:locale\" content=\"en_US\" \/>\n<meta property=\"og:type\" content=\"article\" \/>\n<meta property=\"og:title\" content=\"Serwis, modernizacje, cz\u0119\u015bci - BDH KROL S.R.O.\" \/>\n<meta property=\"og:url\" content=\"https:\/\/verpress.home.pl\/autoinstalator\/wordpressplugins1\/?page_id=39\" \/>\n<meta property=\"og:site_name\" content=\"BDH KROL S.R.O.\" \/>\n<meta property=\"article:modified_time\" content=\"2021-01-21T10:12:23+00:00\" \/>\n<meta property=\"og:image\" content=\"https:\/\/verpress.home.pl\/autoinstalator\/wordpressplugins1\/wp-content\/uploads\/2020\/11\/serwis-1024x1024.jpg\" \/>\n<meta name=\"twitter:card\" content=\"summary_large_image\" \/>\n<meta name=\"twitter:label1\" value=\"Written by\">\n\t<meta name=\"twitter:data1\" value=\"admin\">\n\t<meta name=\"twitter:label2\" value=\"Est. reading time\">\n\t<meta name=\"twitter:data2\" value=\"0 minutes\">\n<script type=\"application\/ld+json\" class=\"yoast-schema-graph\">{\"@context\":\"https:\/\/schema.org\",\"@graph\":[{\"@type\":\"WebSite\",\"@id\":\"https:\/\/verpress.home.pl\/autoinstalator\/wordpressplugins1\/#website\",\"url\":\"https:\/\/verpress.home.pl\/autoinstalator\/wordpressplugins1\/\",\"name\":\"BDH KROL S.R.O.\",\"description\":\"Si\\u0142a do\\u015bwiadczenia\",\"potentialAction\":[{\"@type\":\"SearchAction\",\"target\":\"https:\/\/verpress.home.pl\/autoinstalator\/wordpressplugins1\/?s={search_term_string}\",\"query-input\":\"required name=search_term_string\"}],\"inLanguage\":\"en-US\"},{\"@type\":\"ImageObject\",\"@id\":\"https:\/\/verpress.home.pl\/autoinstalator\/wordpressplugins1\/?page_id=39#primaryimage\",\"inLanguage\":\"en-US\",\"url\":\"https:\/\/verpress.home.pl\/autoinstalator\/wordpressplugins1\/wp-content\/uploads\/2020\/11\/serwis.jpg\",\"width\":1378,\"height\":1378},{\"@type\":\"WebPage\",\"@id\":\"https:\/\/verpress.home.pl\/autoinstalator\/wordpressplugins1\/?page_id=39#webpage\",\"url\":\"https:\/\/verpress.home.pl\/autoinstalator\/wordpressplugins1\/?page_id=39\",\"name\":\"Serwis, modernizacje, cz\\u0119\\u015bci - BDH KROL S.R.O.\",\"isPartOf\":{\"@id\":\"https:\/\/verpress.home.pl\/autoinstalator\/wordpressplugins1\/#website\"},\"primaryImageOfPage\":{\"@id\":\"https:\/\/verpress.home.pl\/autoinstalator\/wordpressplugins1\/?page_id=39#primaryimage\"},\"datePublished\":\"2020-10-28T17:08:24+00:00\",\"dateModified\":\"2021-01-21T10:12:23+00:00\",\"inLanguage\":\"en-US\",\"potentialAction\":[{\"@type\":\"ReadAction\",\"target\":[\"https:\/\/verpress.home.pl\/autoinstalator\/wordpressplugins1\/?page_id=39\"]}]}]}<\/script>\n<!-- \/ Yoast SEO plugin. -->","_links":{"self":[{"href":"https:\/\/verpress.home.pl\/autoinstalator\/wordpressplugins1\/index.php?rest_route=\/wp\/v2\/pages\/39"}],"collection":[{"href":"https:\/\/verpress.home.pl\/autoinstalator\/wordpressplugins1\/index.php?rest_route=\/wp\/v2\/pages"}],"about":[{"href":"https:\/\/verpress.home.pl\/autoinstalator\/wordpressplugins1\/index.php?rest_route=\/wp\/v2\/types\/page"}],"author":[{"embeddable":true,"href":"https:\/\/verpress.home.pl\/autoinstalator\/wordpressplugins1\/index.php?rest_route=\/wp\/v2\/users\/1"}],"replies":[{"embeddable":true,"href":"https:\/\/verpress.home.pl\/autoinstalator\/wordpressplugins1\/index.php?rest_route=%2Fwp%2Fv2%2Fcomments&post=39"}],"version-history":[{"count":15,"href":"https:\/\/verpress.home.pl\/autoinstalator\/wordpressplugins1\/index.php?rest_route=\/wp\/v2\/pages\/39\/revisions"}],"predecessor-version":[{"id":2371,"href":"https:\/\/verpress.home.pl\/autoinstalator\/wordpressplugins1\/index.php?rest_route=\/wp\/v2\/pages\/39\/revisions\/2371"}],"wp:attachment":[{"href":"https:\/\/verpress.home.pl\/autoinstalator\/wordpressplugins1\/index.php?rest_route=%2Fwp%2Fv2%2Fmedia&parent=39"}],"curies":[{"name":"wp","href":"https:\/\/api.w.org\/{rel}","templated":true}]}}